{"id":29462,"date":"2020-06-16T13:46:16","date_gmt":"2020-06-16T11:46:16","guid":{"rendered":"https:\/\/diploma2022.ecolecamondo.fr\/home\/"},"modified":"2022-10-07T14:22:54","modified_gmt":"2022-10-07T12:22:54","slug":"accueil-2","status":"publish","type":"page","link":"https:\/\/diploma2022.ecolecamondo.fr\/en\/","title":{"rendered":"Home"},"content":{"rendered":"","protected":false},"excerpt":{"rendered":"","protected":false},"author":110,"featured_media":29465,"parent":0,"menu_order":0,"comment_status":"closed","ping_status":"closed","template":"templates\/tpl_home.php","meta":{"_acf_changed":false,"footnotes":""},"class_list":["post-29462","page","type-page","status-publish","has-post-thumbnail","hentry"],"acf":[],"yoast_head":"<!-- This site is optimized with the Yoast SEO plugin v27.2 - https:\/\/yoast.com\/product\/yoast-seo-wordpress\/ -->\n<title>Home - Diploma Camondo \u00e9dition 2022<\/title>\n<meta name=\"robots\" content=\"index, follow, max-snippet:-1, max-image-preview:large, max-video-preview:-1\" \/>\n<link rel=\"canonical\" href=\"https:\/\/diploma2022.ecolecamondo.fr\/en\/\" \/>\n<meta property=\"og:locale\" content=\"en_US\" \/>\n<meta property=\"og:type\" content=\"article\" \/>\n<meta property=\"og:title\" content=\"Home - Diploma Camondo \u00e9dition 2022\" \/>\n<meta property=\"og:url\" content=\"https:\/\/diploma2022.ecolecamondo.fr\/en\/\" \/>\n<meta property=\"og:site_name\" content=\"Diploma Camondo \u00e9dition 2022\" \/>\n<meta property=\"article:modified_time\" content=\"2022-10-07T12:22:54+00:00\" \/>\n<meta property=\"og:image\" content=\"https:\/\/diploma2022.ecolecamondo.fr\/content\/uploads\/2022\/10\/capture-decran-2022-10-07-a-14.22.20.png\" \/>\n\t<meta property=\"og:image:width\" content=\"1\" \/>\n\t<meta property=\"og:image:height\" content=\"1\" \/>\n\t<meta property=\"og:image:type\" content=\"image\/png\" \/>\n<meta name=\"twitter:card\" content=\"summary_large_image\" \/>\n<script type=\"application\/ld+json\" class=\"yoast-schema-graph\">{\"@context\":\"https:\/\/schema.org\",\"@graph\":[{\"@type\":\"WebPage\",\"@id\":\"https:\/\/diploma2022.ecolecamondo.fr\/en\/\",\"url\":\"https:\/\/diploma2022.ecolecamondo.fr\/en\/\",\"name\":\"Home - Diploma Camondo \u00e9dition 2022\",\"isPartOf\":{\"@id\":\"https:\/\/diploma2022.ecolecamondo.fr\/en\/#website\"},\"primaryImageOfPage\":{\"@id\":\"https:\/\/diploma2022.ecolecamondo.fr\/en\/#primaryimage\"},\"image\":{\"@id\":\"https:\/\/diploma2022.ecolecamondo.fr\/en\/#primaryimage\"},\"thumbnailUrl\":\"https:\/\/diploma2022.ecolecamondo.fr\/content\/uploads\/2022\/10\/capture-decran-2022-10-07-a-14.22.20.png\",\"datePublished\":\"2020-06-16T11:46:16+00:00\",\"dateModified\":\"2022-10-07T12:22:54+00:00\",\"inLanguage\":\"en-US\",\"potentialAction\":[{\"@type\":\"ReadAction\",\"target\":[\"https:\/\/diploma2022.ecolecamondo.fr\/en\/\"]}]},{\"@type\":\"ImageObject\",\"inLanguage\":\"en-US\",\"@id\":\"https:\/\/diploma2022.ecolecamondo.fr\/en\/#primaryimage\",\"url\":\"https:\/\/diploma2022.ecolecamondo.fr\/content\/uploads\/2022\/10\/capture-decran-2022-10-07-a-14.22.20.png\",\"contentUrl\":\"https:\/\/diploma2022.ecolecamondo.fr\/content\/uploads\/2022\/10\/capture-decran-2022-10-07-a-14.22.20.png\",\"width\":1,\"height\":1},{\"@type\":\"WebSite\",\"@id\":\"https:\/\/diploma2022.ecolecamondo.fr\/en\/#website\",\"url\":\"https:\/\/diploma2022.ecolecamondo.fr\/en\/\",\"name\":\"Diploma Camondo \u00e9dition 2022\",\"description\":\"Travaux des \u00e9tudiants de 5e ann\u00e9e de l&#039;\u00c9cole Camondo\",\"potentialAction\":[{\"@type\":\"SearchAction\",\"target\":{\"@type\":\"EntryPoint\",\"urlTemplate\":\"https:\/\/diploma2022.ecolecamondo.fr\/en\/?s={search_term_string}\"},\"query-input\":{\"@type\":\"PropertyValueSpecification\",\"valueRequired\":true,\"valueName\":\"search_term_string\"}}],\"inLanguage\":\"en-US\"}]}<\/script>\n<!-- \/ Yoast SEO plugin. -->","yoast_head_json":{"title":"Home - Diploma Camondo \u00e9dition 2022","robots":{"index":"index","follow":"follow","max-snippet":"max-snippet:-1","max-image-preview":"max-image-preview:large","max-video-preview":"max-video-preview:-1"},"canonical":"https:\/\/diploma2022.ecolecamondo.fr\/en\/","og_locale":"en_US","og_type":"article","og_title":"Home - Diploma Camondo \u00e9dition 2022","og_url":"https:\/\/diploma2022.ecolecamondo.fr\/en\/","og_site_name":"Diploma Camondo \u00e9dition 2022","article_modified_time":"2022-10-07T12:22:54+00:00","og_image":[{"width":1,"height":1,"url":"https:\/\/diploma2022.ecolecamondo.fr\/content\/uploads\/2022\/10\/capture-decran-2022-10-07-a-14.22.20.png","type":"image\/png"}],"twitter_card":"summary_large_image","schema":{"@context":"https:\/\/schema.org","@graph":[{"@type":"WebPage","@id":"https:\/\/diploma2022.ecolecamondo.fr\/en\/","url":"https:\/\/diploma2022.ecolecamondo.fr\/en\/","name":"Home - Diploma Camondo \u00e9dition 2022","isPartOf":{"@id":"https:\/\/diploma2022.ecolecamondo.fr\/en\/#website"},"primaryImageOfPage":{"@id":"https:\/\/diploma2022.ecolecamondo.fr\/en\/#primaryimage"},"image":{"@id":"https:\/\/diploma2022.ecolecamondo.fr\/en\/#primaryimage"},"thumbnailUrl":"https:\/\/diploma2022.ecolecamondo.fr\/content\/uploads\/2022\/10\/capture-decran-2022-10-07-a-14.22.20.png","datePublished":"2020-06-16T11:46:16+00:00","dateModified":"2022-10-07T12:22:54+00:00","inLanguage":"en-US","potentialAction":[{"@type":"ReadAction","target":["https:\/\/diploma2022.ecolecamondo.fr\/en\/"]}]},{"@type":"ImageObject","inLanguage":"en-US","@id":"https:\/\/diploma2022.ecolecamondo.fr\/en\/#primaryimage","url":"https:\/\/diploma2022.ecolecamondo.fr\/content\/uploads\/2022\/10\/capture-decran-2022-10-07-a-14.22.20.png","contentUrl":"https:\/\/diploma2022.ecolecamondo.fr\/content\/uploads\/2022\/10\/capture-decran-2022-10-07-a-14.22.20.png","width":1,"height":1},{"@type":"WebSite","@id":"https:\/\/diploma2022.ecolecamondo.fr\/en\/#website","url":"https:\/\/diploma2022.ecolecamondo.fr\/en\/","name":"Diploma Camondo \u00e9dition 2022","description":"Travaux des \u00e9tudiants de 5e ann\u00e9e de l&#039;\u00c9cole Camondo","potentialAction":[{"@type":"SearchAction","target":{"@type":"EntryPoint","urlTemplate":"https:\/\/diploma2022.ecolecamondo.fr\/en\/?s={search_term_string}"},"query-input":{"@type":"PropertyValueSpecification","valueRequired":true,"valueName":"search_term_string"}}],"inLanguage":"en-US"}]}},"_links":{"self":[{"href":"https:\/\/diploma2022.ecolecamondo.fr\/en\/wp-json\/wp\/v2\/pages\/29462","targetHints":{"allow":["GET"]}}],"collection":[{"href":"https:\/\/diploma2022.ecolecamondo.fr\/en\/wp-json\/wp\/v2\/pages"}],"about":[{"href":"https:\/\/diploma2022.ecolecamondo.fr\/en\/wp-json\/wp\/v2\/types\/page"}],"author":[{"embeddable":true,"href":"https:\/\/diploma2022.ecolecamondo.fr\/en\/wp-json\/wp\/v2\/users\/110"}],"replies":[{"embeddable":true,"href":"https:\/\/diploma2022.ecolecamondo.fr\/en\/wp-json\/wp\/v2\/comments?post=29462"}],"version-history":[{"count":2,"href":"https:\/\/diploma2022.ecolecamondo.fr\/en\/wp-json\/wp\/v2\/pages\/29462\/revisions"}],"predecessor-version":[{"id":29468,"href":"https:\/\/diploma2022.ecolecamondo.fr\/en\/wp-json\/wp\/v2\/pages\/29462\/revisions\/29468"}],"wp:featuredmedia":[{"embeddable":true,"href":"https:\/\/diploma2022.ecolecamondo.fr\/en\/wp-json\/wp\/v2\/media\/29465"}],"wp:attachment":[{"href":"https:\/\/diploma2022.ecolecamondo.fr\/en\/wp-json\/wp\/v2\/media?parent=29462"}],"curies":[{"name":"wp","href":"https:\/\/api.w.org\/{rel}","templated":true}]}}